{"id":1029,"date":"2019-06-11T09:50:44","date_gmt":"2019-06-11T09:50:44","guid":{"rendered":"https:\/\/themes.getmotopress.com\/luviana\/?page_id=13"},"modified":"2025-12-30T01:12:36","modified_gmt":"2025-12-30T00:12:36","slug":"santorini","status":"publish","type":"page","link":"https:\/\/hotelesapp.com\/?page_id=1029","title":{"rendered":"<font dir=\"auto\" style=\"vertical-align: inherit;\"><font dir=\"auto\" style=\"vertical-align: inherit;\">Hello.Salud.Hola<\/font><\/font>"},"content":{"rendered":"\n<p><font dir=\"auto\" style=\"vertical-align: inherit;\"><font dir=\"auto\" style=\"vertical-align: inherit;\">Nuestros hotel ofrece  hospitalidad, sencillez, modernidad y con visi\u00f3n de futuro,  ayudamos a hacer que viajar sea m\u00e1s f\u00e1cil con nuestro dise\u00f1o inteligente, corritos de golf ideales para explorar la Isla, desde playa norte hasta punta sur, conoce nuestro club de playa y restaurante con la cocina t\u00edpica de esta regi\u00f3n de M\u00e9xico.<\/font><\/font><\/p>\n\n\n\n<!--more-->\n\n\n\n<div class=\"wp-block-getwid-section alignfull alignfull getwid-margin-top-none getwid-margin-bottom-none\"><div class=\"wp-block-getwid-section__wrapper getwid-padding-top-medium getwid-padding-bottom-none getwid-padding-left-medium getwid-padding-right-medium getwid-padding-mobile-left-small getwid-padding-mobile-right-small\"><div class=\"wp-block-getwid-section__inner-wrapper\"><div class=\"wp-block-getwid-section__background-holder\"><div class=\"wp-block-getwid-section__background\"><\/div><div class=\"wp-block-getwid-section__foreground\"><\/div><\/div><div class=\"wp-block-getwid-section__content\"><div class=\"wp-block-getwid-section__inner-content\">\n<div class=\"wp-block-columns has-2-columns is-layout-flex wp-container-core-columns-is-layout-9d6595d7 wp-block-columns-is-layout-flex\">\n<div class=\"wp-block-column is-layout-flow wp-block-column-is-layout-flow\">\n<div class=\"wp-block-getwid-advanced-heading is-style-style-1 has-custom-font-size\" style=\"font-size:12px;margin-bottom:20px\"><p class=\"wp-block-getwid-advanced-heading__content\" style=\"letter-spacing:1px\">RAISING COMFORT TO THE HIGHEST LEVEL<\/p><\/div>\n\n\n\n<div class=\"wp-block-getwid-advanced-heading is-style-default\"><h2 class=\"wp-block-getwid-advanced-heading__content\">Welcome to Luviana Hotel<\/h2><\/div>\n<\/div>\n\n\n\n<div class=\"wp-block-column is-layout-flow wp-block-column-is-layout-flow\">\n<p>It is a small comfortable hotel. Our staff offers an attentive high-quality service and is always ready to offer any help to guests.<\/p>\n\n\n\n<p>The hotel is arranged on three floors. On the ground floor, apart from the reception, there is a comfortable lounge where you can sit and drink tea or just read. There is also a splendid terrace, where you can relax and immerse yourself into upcoming morning of a new wonderful day in the atmosphere of Venetian daily life, watch the city fuss &amp; people who are gathering together and whose conversations fill all the streets and alleys. There is an amazing fusion of calm and tranquility at hotel with hectic and noise outside. <\/p>\n<\/div>\n<\/div>\n\n\n\n<div style=\"height:50px\" aria-hidden=\"true\" class=\"wp-block-spacer\"><\/div>\n\n\n\n<div class=\"wp-block-columns has-2-columns is-layout-flex wp-container-core-columns-is-layout-9d6595d7 wp-block-columns-is-layout-flex\">\n<div class=\"wp-block-column is-layout-flow wp-block-column-is-layout-flow\">\n<figure class=\"wp-block-image\"><img loading=\"lazy\" decoding=\"async\" width=\"1024\" height=\"1024\" src=\"https:\/\/themes.getmotopress.com\/luviana\/wp-content\/uploads\/sites\/27\/2019\/07\/welcome-1-1-1024x1024.jpg\" alt=\"\" class=\"wp-image-479\" srcset=\"https:\/\/hotelesapp.com\/wp-content\/uploads\/2019\/07\/welcome-1-1-1024x1024.jpg 1024w, https:\/\/hotelesapp.com\/wp-content\/uploads\/2019\/07\/welcome-1-1-300x300.jpg 300w, https:\/\/hotelesapp.com\/wp-content\/uploads\/2019\/07\/welcome-1-1-150x150.jpg 150w, https:\/\/hotelesapp.com\/wp-content\/uploads\/2019\/07\/welcome-1-1-768x768.jpg 768w, https:\/\/hotelesapp.com\/wp-content\/uploads\/2019\/07\/welcome-1-1-1536x1536.jpg 1536w, https:\/\/hotelesapp.com\/wp-content\/uploads\/2019\/07\/welcome-1-1-1170x1170.jpg 1170w, https:\/\/hotelesapp.com\/wp-content\/uploads\/2019\/07\/welcome-1-1-992x992.jpg 992w, https:\/\/hotelesapp.com\/wp-content\/uploads\/2019\/07\/welcome-1-1.jpg 1600w\" sizes=\"auto, (max-width: 1024px) 100vw, 1024px\" \/><\/figure>\n<\/div>\n\n\n\n<div class=\"wp-block-column is-layout-flow wp-block-column-is-layout-flow\">\n<figure class=\"wp-block-image\"><img loading=\"lazy\" decoding=\"async\" width=\"1024\" height=\"1024\" src=\"https:\/\/themes.getmotopress.com\/luviana\/wp-content\/uploads\/sites\/27\/2019\/07\/welcome-2-1-1024x1024.jpg\" alt=\"\" class=\"wp-image-480\" srcset=\"https:\/\/hotelesapp.com\/wp-content\/uploads\/2019\/07\/welcome-2-1-1024x1024.jpg 1024w, https:\/\/hotelesapp.com\/wp-content\/uploads\/2019\/07\/welcome-2-1-300x300.jpg 300w, https:\/\/hotelesapp.com\/wp-content\/uploads\/2019\/07\/welcome-2-1-150x150.jpg 150w, https:\/\/hotelesapp.com\/wp-content\/uploads\/2019\/07\/welcome-2-1-768x768.jpg 768w, https:\/\/hotelesapp.com\/wp-content\/uploads\/2019\/07\/welcome-2-1-1536x1536.jpg 1536w, https:\/\/hotelesapp.com\/wp-content\/uploads\/2019\/07\/welcome-2-1-1170x1170.jpg 1170w, https:\/\/hotelesapp.com\/wp-content\/uploads\/2019\/07\/welcome-2-1-992x992.jpg 992w, https:\/\/hotelesapp.com\/wp-content\/uploads\/2019\/07\/welcome-2-1.jpg 1600w\" sizes=\"auto, (max-width: 1024px) 100vw, 1024px\" \/><\/figure>\n<\/div>\n<\/div>\n<\/div><\/div><\/div><\/div><\/div>\n","protected":false},"excerpt":{"rendered":"<p>El Hotel La Trigue\u00f1a es ideal para  viajeros<br \/>\nque buscan una combinaci\u00f3n entre precio y comodidad, ofrecemos servicios de carritos de golf y club de playa, visita nuestras paginas.<\/p>\n","protected":false},"author":1,"featured_media":1133,"parent":1028,"menu_order":0,"comment_status":"closed","ping_status":"closed","template":"","meta":{"inline_featured_image":false,"footnotes":""},"class_list":["post-1029","page","type-page","status-publish","has-post-thumbnail","hentry"],"_links":{"self":[{"href":"https:\/\/hotelesapp.com\/index.php?rest_route=\/wp\/v2\/pages\/1029","targetHints":{"allow":["GET"]}}],"collection":[{"href":"https:\/\/hotelesapp.com\/index.php?rest_route=\/wp\/v2\/pages"}],"about":[{"href":"https:\/\/hotelesapp.com\/index.php?rest_route=\/wp\/v2\/types\/page"}],"author":[{"embeddable":true,"href":"https:\/\/hotelesapp.com\/index.php?rest_route=\/wp\/v2\/users\/1"}],"replies":[{"embeddable":true,"href":"https:\/\/hotelesapp.com\/index.php?rest_route=%2Fwp%2Fv2%2Fcomments&post=1029"}],"version-history":[{"count":1,"href":"https:\/\/hotelesapp.com\/index.php?rest_route=\/wp\/v2\/pages\/1029\/revisions"}],"predecessor-version":[{"id":1191,"href":"https:\/\/hotelesapp.com\/index.php?rest_route=\/wp\/v2\/pages\/1029\/revisions\/1191"}],"up":[{"embeddable":true,"href":"https:\/\/hotelesapp.com\/index.php?rest_route=\/wp\/v2\/pages\/1028"}],"wp:featuredmedia":[{"embeddable":true,"href":"https:\/\/hotelesapp.com\/index.php?rest_route=\/wp\/v2\/media\/1133"}],"wp:attachment":[{"href":"https:\/\/hotelesapp.com\/index.php?rest_route=%2Fwp%2Fv2%2Fmedia&parent=1029"}],"curies":[{"name":"wp","href":"https:\/\/api.w.org\/{rel}","templated":true}]}}